{"id":1014,"date":"2019-07-03T21:22:51","date_gmt":"2019-07-03T20:22:51","guid":{"rendered":"http:\/\/www.ilgrandecuoredimoreno-onlus.it\/?page_id=1014"},"modified":"2025-06-23T17:55:51","modified_gmt":"2025-06-23T16:55:51","slug":"bilancio-sociale","status":"publish","type":"page","link":"https:\/\/www.ilgrandecuoredimoreno-onlus.it\/?page_id=1014","title":{"rendered":"Bilancio sociale"},"content":{"rendered":"<h6><strong>Per raccontarci sempre di pi\u00f9 e per garantire sempre pi\u00f9 trasparenza\u00a0<\/strong>a tutti i nostri\u00a0<em>soci e amici<\/em>, nel\u00a0<strong>2018\u00a0<\/strong>abbiamo deciso di procedere, da quell&#8217;anno in poi e per ciascun anno sociale a venire,\u00a0ad una\u00a0<strong>rendicontazione sociale<\/strong>\u00a0del nostro operato, ovvero di passare da una semplice narrazione delle nostre attivit\u00e0\u00a0ad\u00a0un vero e proprio bilancio del nostro lavoro, mettendo in luce le attivit\u00e0 svolte e i risultati ottenuti cos\u00ec come le criticit\u00e0 incontrate nel perseguimento della nostra missione nel corso di ciascun anno di\u00a0rendicontazione.<\/h6>\n<p><img loading=\"lazy\" decoding=\"async\" class=\"wp-image-1028 aligncenter\" src=\"https:\/\/www.ilgrandecuoredimoreno-onlus.it\/wp-content\/uploads\/2019\/07\/omini-colorati-braccia-in-su-300x200.jpg\" alt=\"\" width=\"458\" height=\"305\" srcset=\"https:\/\/www.ilgrandecuoredimoreno-onlus.it\/wp-content\/uploads\/2019\/07\/omini-colorati-braccia-in-su-300x200.jpg 300w, https:\/\/www.ilgrandecuoredimoreno-onlus.it\/wp-content\/uploads\/2019\/07\/omini-colorati-braccia-in-su-768x511.jpg 768w, https:\/\/www.ilgrandecuoredimoreno-onlus.it\/wp-content\/uploads\/2019\/07\/omini-colorati-braccia-in-su-1024x682.jpg 1024w, https:\/\/www.ilgrandecuoredimoreno-onlus.it\/wp-content\/uploads\/2019\/07\/omini-colorati-braccia-in-su-75x50.jpg 75w, https:\/\/www.ilgrandecuoredimoreno-onlus.it\/wp-content\/uploads\/2019\/07\/omini-colorati-braccia-in-su.jpg 1155w\" sizes=\"auto, (max-width: 458px) 100vw, 458px\" \/><\/p>\n<p><a href=\"https:\/\/www.ilgrandecuoredimoreno-onlus.it\/wp-content\/uploads\/2019\/07\/BilancioSociale2018.pdf\"><img loading=\"lazy\" decoding=\"async\" class=\"alignleft wp-image-154\" src=\"https:\/\/www.ilgrandecuoredimoreno-onlus.it\/wp-content\/uploads\/2017\/07\/532-150x150.png\" alt=\"\" width=\"23\" height=\"23\" srcset=\"https:\/\/www.ilgrandecuoredimoreno-onlus.it\/wp-content\/uploads\/2017\/07\/532-150x150.png 150w, https:\/\/www.ilgrandecuoredimoreno-onlus.it\/wp-content\/uploads\/2017\/07\/532-300x300.png 300w, https:\/\/www.ilgrandecuoredimoreno-onlus.it\/wp-content\/uploads\/2017\/07\/532-50x50.png 50w, https:\/\/www.ilgrandecuoredimoreno-onlus.it\/wp-content\/uploads\/2017\/07\/532.png 512w\" sizes=\"auto, (max-width: 23px) 100vw, 23px\" \/><\/a>bilancio sociale 2018<\/p>\n<p><a href=\"https:\/\/www.ilgrandecuoredimoreno-onlus.it\/wp-content\/uploads\/2020\/10\/BilancioSociale2019_.pdf\"><img loading=\"lazy\" decoding=\"async\" class=\"alignleft wp-image-154\" src=\"https:\/\/www.ilgrandecuoredimoreno-onlus.it\/wp-content\/uploads\/2017\/07\/532-150x150.png\" alt=\"\" width=\"23\" height=\"23\" srcset=\"https:\/\/www.ilgrandecuoredimoreno-onlus.it\/wp-content\/uploads\/2017\/07\/532-150x150.png 150w, https:\/\/www.ilgrandecuoredimoreno-onlus.it\/wp-content\/uploads\/2017\/07\/532-300x300.png 300w, https:\/\/www.ilgrandecuoredimoreno-onlus.it\/wp-content\/uploads\/2017\/07\/532-50x50.png 50w, https:\/\/www.ilgrandecuoredimoreno-onlus.it\/wp-content\/uploads\/2017\/07\/532.png 512w\" sizes=\"auto, (max-width: 23px) 100vw, 23px\" \/><\/a>bilancio sociale 2019<\/p>\n<p><a href=\"https:\/\/www.ilgrandecuoredimoreno-onlus.it\/wp-content\/uploads\/2022\/01\/BilancioSociale2020.pdf\"><img loading=\"lazy\" decoding=\"async\" class=\"alignleft wp-image-154\" src=\"https:\/\/www.ilgrandecuoredimoreno-onlus.it\/wp-content\/uploads\/2017\/07\/532-150x150.png\" alt=\"\" width=\"23\" height=\"23\" srcset=\"https:\/\/www.ilgrandecuoredimoreno-onlus.it\/wp-content\/uploads\/2017\/07\/532-150x150.png 150w, https:\/\/www.ilgrandecuoredimoreno-onlus.it\/wp-content\/uploads\/2017\/07\/532-300x300.png 300w, https:\/\/www.ilgrandecuoredimoreno-onlus.it\/wp-content\/uploads\/2017\/07\/532-50x50.png 50w, https:\/\/www.ilgrandecuoredimoreno-onlus.it\/wp-content\/uploads\/2017\/07\/532.png 512w\" sizes=\"auto, (max-width: 23px) 100vw, 23px\" \/><\/a>bilancio sociale 2020<\/p>\n<p><a href=\"https:\/\/www.ilgrandecuoredimoreno-onlus.it\/wp-content\/uploads\/2022\/08\/BilancioSociale2021definitivo.pdf\"><img loading=\"lazy\" decoding=\"async\" class=\"alignleft wp-image-154\" src=\"https:\/\/www.ilgrandecuoredimoreno-onlus.it\/wp-content\/uploads\/2017\/07\/532-150x150.png\" alt=\"\" width=\"23\" height=\"23\" srcset=\"https:\/\/www.ilgrandecuoredimoreno-onlus.it\/wp-content\/uploads\/2017\/07\/532-150x150.png 150w, https:\/\/www.ilgrandecuoredimoreno-onlus.it\/wp-content\/uploads\/2017\/07\/532-300x300.png 300w, https:\/\/www.ilgrandecuoredimoreno-onlus.it\/wp-content\/uploads\/2017\/07\/532-50x50.png 50w, https:\/\/www.ilgrandecuoredimoreno-onlus.it\/wp-content\/uploads\/2017\/07\/532.png 512w\" sizes=\"auto, (max-width: 23px) 100vw, 23px\" \/><\/a>bilancio sociale 2021<\/p>\n<p><a href=\"https:\/\/www.ilgrandecuoredimoreno-onlus.it\/wp-content\/uploads\/2023\/06\/BilancioSociale2022.pdf\"><img loading=\"lazy\" decoding=\"async\" class=\"alignleft wp-image-154\" src=\"https:\/\/www.ilgrandecuoredimoreno-onlus.it\/wp-content\/uploads\/2017\/07\/532-150x150.png\" alt=\"\" width=\"23\" height=\"23\" srcset=\"https:\/\/www.ilgrandecuoredimoreno-onlus.it\/wp-content\/uploads\/2017\/07\/532-150x150.png 150w, https:\/\/www.ilgrandecuoredimoreno-onlus.it\/wp-content\/uploads\/2017\/07\/532-300x300.png 300w, https:\/\/www.ilgrandecuoredimoreno-onlus.it\/wp-content\/uploads\/2017\/07\/532-50x50.png 50w, https:\/\/www.ilgrandecuoredimoreno-onlus.it\/wp-content\/uploads\/2017\/07\/532.png 512w\" sizes=\"auto, (max-width: 23px) 100vw, 23px\" \/><\/a>bilancio sociale 2022<\/p>\n<p><a href=\"https:\/\/www.ilgrandecuoredimoreno-onlus.it\/wp-content\/uploads\/2023\/11\/RelazioneMissioneIntegrata2022.pdf\"><img loading=\"lazy\" decoding=\"async\" class=\"alignleft wp-image-154\" src=\"https:\/\/www.ilgrandecuoredimoreno-onlus.it\/wp-content\/uploads\/2017\/07\/532-150x150.png\" alt=\"\" width=\"23\" height=\"23\" srcset=\"https:\/\/www.ilgrandecuoredimoreno-onlus.it\/wp-content\/uploads\/2017\/07\/532-150x150.png 150w, https:\/\/www.ilgrandecuoredimoreno-onlus.it\/wp-content\/uploads\/2017\/07\/532-300x300.png 300w, https:\/\/www.ilgrandecuoredimoreno-onlus.it\/wp-content\/uploads\/2017\/07\/532-50x50.png 50w, https:\/\/www.ilgrandecuoredimoreno-onlus.it\/wp-content\/uploads\/2017\/07\/532.png 512w\" sizes=\"auto, (max-width: 23px) 100vw, 23px\" \/><\/a>relazione di missione integrata 2022<\/p>\n<p><a href=\"https:\/\/www.ilgrandecuoredimoreno-onlus.it\/wp-content\/uploads\/2024\/09\/Relazione_Missione_2023_Revisionata.pdf\"><img loading=\"lazy\" decoding=\"async\" class=\"alignleft wp-image-154\" src=\"https:\/\/www.ilgrandecuoredimoreno-onlus.it\/wp-content\/uploads\/2017\/07\/532-150x150.png\" alt=\"\" width=\"23\" height=\"23\" srcset=\"https:\/\/www.ilgrandecuoredimoreno-onlus.it\/wp-content\/uploads\/2017\/07\/532-150x150.png 150w, https:\/\/www.ilgrandecuoredimoreno-onlus.it\/wp-content\/uploads\/2017\/07\/532-300x300.png 300w, https:\/\/www.ilgrandecuoredimoreno-onlus.it\/wp-content\/uploads\/2017\/07\/532-50x50.png 50w, https:\/\/www.ilgrandecuoredimoreno-onlus.it\/wp-content\/uploads\/2017\/07\/532.png 512w\" sizes=\"auto, (max-width: 23px) 100vw, 23px\" \/><\/a>relazione di missione integrata 2023<\/p>\n<p><a href=\"https:\/\/www.ilgrandecuoredimoreno-onlus.it\/wp-content\/uploads\/2025\/06\/RelazioneMissione2024.pdf\"><img loading=\"lazy\" decoding=\"async\" class=\"alignleft wp-image-154\" src=\"https:\/\/www.ilgrandecuoredimoreno-onlus.it\/wp-content\/uploads\/2017\/07\/532-150x150.png\" alt=\"\" width=\"23\" height=\"23\" srcset=\"https:\/\/www.ilgrandecuoredimoreno-onlus.it\/wp-content\/uploads\/2017\/07\/532-150x150.png 150w, https:\/\/www.ilgrandecuoredimoreno-onlus.it\/wp-content\/uploads\/2017\/07\/532-300x300.png 300w, https:\/\/www.ilgrandecuoredimoreno-onlus.it\/wp-content\/uploads\/2017\/07\/532-50x50.png 50w, https:\/\/www.ilgrandecuoredimoreno-onlus.it\/wp-content\/uploads\/2017\/07\/532.png 512w\" sizes=\"auto, (max-width: 23px) 100vw, 23px\" \/><\/a>relazione di missione integrata 2024<\/p>\n\n\n<p><\/p>\n","protected":false},"excerpt":{"rendered":"<p>Per raccontarci sempre di pi\u00f9 e per garantire sempre pi\u00f9 trasparenza\u00a0a tutti i nostri\u00a0soci e amici, nel\u00a02018\u00a0abbiamo deciso di procedere, da quell&#8217;anno in poi e per ciascun anno sociale a venire,\u00a0ad una\u00a0rendicontazione sociale\u00a0del nostro operato, ovvero di passare da una semplice narrazione delle nostre attivit\u00e0\u00a0ad\u00a0un vero e proprio bilancio del<\/p>\n","protected":false},"author":1,"featured_media":0,"parent":0,"menu_order":0,"comment_status":"closed","ping_status":"closed","template":"","meta":{"sfsi_plus_gutenberg_text_before_share":"","sfsi_plus_gutenberg_show_text_before_share":"","sfsi_plus_gutenberg_icon_type":"","sfsi_plus_gutenberg_icon_alignemt":"","sfsi_plus_gutenburg_max_per_row":"","footnotes":""},"class_list":["post-1014","page","type-page","status-publish","hentry"],"_links":{"self":[{"href":"https:\/\/www.ilgrandecuoredimoreno-onlus.it\/index.php?rest_route=\/wp\/v2\/pages\/1014","targetHints":{"allow":["GET"]}}],"collection":[{"href":"https:\/\/www.ilgrandecuoredimoreno-onlus.it\/index.php?rest_route=\/wp\/v2\/pages"}],"about":[{"href":"https:\/\/www.ilgrandecuoredimoreno-onlus.it\/index.php?rest_route=\/wp\/v2\/types\/page"}],"author":[{"embeddable":true,"href":"https:\/\/www.ilgrandecuoredimoreno-onlus.it\/index.php?rest_route=\/wp\/v2\/users\/1"}],"replies":[{"embeddable":true,"href":"https:\/\/www.ilgrandecuoredimoreno-onlus.it\/index.php?rest_route=%2Fwp%2Fv2%2Fcomments&post=1014"}],"version-history":[{"count":23,"href":"https:\/\/www.ilgrandecuoredimoreno-onlus.it\/index.php?rest_route=\/wp\/v2\/pages\/1014\/revisions"}],"predecessor-version":[{"id":1863,"href":"https:\/\/www.ilgrandecuoredimoreno-onlus.it\/index.php?rest_route=\/wp\/v2\/pages\/1014\/revisions\/1863"}],"wp:attachment":[{"href":"https:\/\/www.ilgrandecuoredimoreno-onlus.it\/index.php?rest_route=%2Fwp%2Fv2%2Fmedia&parent=1014"}],"curies":[{"name":"wp","href":"https:\/\/api.w.org\/{rel}","templated":true}]}}