{"id":1092,"date":"2019-12-02T22:29:14","date_gmt":"2019-12-02T21:29:14","guid":{"rendered":"http:\/\/www.ilgrandecuoredimoreno-onlus.it\/?page_id=1092"},"modified":"2026-03-24T23:34:46","modified_gmt":"2026-03-24T22:34:46","slug":"rendiconto-5x1000","status":"publish","type":"page","link":"https:\/\/www.ilgrandecuoredimoreno-onlus.it\/?page_id=1092","title":{"rendered":"Rendiconto 5\u00d71000"},"content":{"rendered":"<style>\n  \/* Rende la tabella adatta ai cellulari *\/\n  @media screen and (max-width: 600px) {\n    .mobile-table, .mobile-table tbody, .mobile-table tr, .mobile-table td {\n      display: block !important;\n      width: 100% !important;\n      border: none !important;\n    }\n    .mobile-table thead { display: none; }\n    .mobile-table td {\n      border-bottom: 1px solid #eee !important;\n      box-sizing: border-box;\n      text-align: left !important;\n      padding: 15px !important;\n    }\n    .mobile-table td[rowspan] {\n      display: none !important; \/* Nasconde l'immagine grande sui cellulari *\/\n    }\n  }\n<\/style>\n<div style=\"font-family: 'Segoe UI', Tahoma, Geneva, Verdana, sans-serif; line-height: 1.6; color: #333; max-width: 950px; margin: 20px auto;\"><!-- Testo Introduttivo --><\/p>\n<p style=\"margin-bottom: 15px;\">Cari amici dell\u2019Associazione, per una onlus come la nostra l\u2019obiettivo non \u00e8 produrre reddito ma perseguire finalit\u00e0 sociali.<\/p>\n<p style=\"margin-bottom: 25px;\">Il nostro lavoro \u00e8 difficilmente valutabile in termini solo economici ma, al fine di garantire la <strong>massima trasparenza<\/strong> del nostro operato, potete visionare i nostri resoconti della raccolta fondi di seguito riportati.<\/p>\n<p><!-- Tabella Rendiconti --><\/p>\n<table class=\"mobile-table\" style=\"width: 100%; border-collapse: collapse; border: 1px solid #ddd; background-color: #fff; box-shadow: 0 4px 8px rgba(0,0,0,0.05);\">\n<thead>\n<tr style=\"background-color: #f8f9fa; border-bottom: 2px solid #dee2e6;\">\n<th style=\"padding: 15px; text-align: center; color: #333; font-size: 1.1em;\" colspan=\"3\">Archivio Rendiconti 5&#215;1000<\/th>\n<\/tr>\n<\/thead>\n<tbody>\n<tr><!-- Immagine Istituzionale a sinistra --><\/p>\n<td style=\"padding: 20px; text-align: center; vertical-align: middle; border-right: 1px solid #dee2e6; background-color: #ffffff;\" rowspan=\"4\"><img decoding=\"async\" style=\"width: 140px; height: auto; border-radius: 4px;\" src=\"https:\/\/www.ilgrandecuoredimoreno-onlus.it\/wp-content\/uploads\/2019\/12\/5x1000_-150x150.jpg\" alt=\"Logo 5x1000\" \/><\/td>\n<p><!-- RIGA 1 --><\/p>\n<td style=\"padding: 15px; border-bottom: 1px solid #eee; border-right: 1px solid #eee; width: 40%;\"><strong style=\"display: block; margin-bottom: 8px; color: #444;\">Rendiconto 2024<\/strong> <a style=\"color: #0056b3; text-decoration: none; display: flex; align-items: center; font-weight: 500;\" href=\"https:\/\/www.ilgrandecuoredimoreno-onlus.it\/wp-content\/uploads\/2026\/03\/Rendiconto5x1000_2024conRelazione.pdf\" target=\"_blank\" rel=\"noopener\"> <img decoding=\"async\" style=\"width: 20px; margin-right: 8px;\" src=\"https:\/\/upload.wikimedia.org\/wikipedia\/commons\/thumb\/8\/87\/PDF_file_icon.svg\/250px-PDF_file_icon.svg.png\" alt=\"PDF\" \/> Scarica Documento <\/a><\/td>\n<td style=\"padding: 15px; border-bottom: 1px solid #eee; width: 40%;\"><strong style=\"display: block; margin-bottom: 8px; color: #444;\">Rendiconto 2023<\/strong> <a style=\"color: #0056b3; text-decoration: none; display: flex; align-items: center; font-weight: 500;\" href=\"https:\/\/www.ilgrandecuoredimoreno-onlus.it\/wp-content\/uploads\/2024\/12\/Rendiconto5x1000-2023ConRelazione.pdf\" target=\"_blank\" rel=\"noopener\"> <img decoding=\"async\" style=\"width: 20px; margin-right: 8px;\" src=\"https:\/\/upload.wikimedia.org\/wikipedia\/commons\/thumb\/8\/87\/PDF_file_icon.svg\/250px-PDF_file_icon.svg.png\" alt=\"PDF\" \/> Scarica Documento <\/a><\/td>\n<\/tr>\n<tr><!-- RIGA 2 --><\/p>\n<td style=\"padding: 15px; border-bottom: 1px solid #eee; border-right: 1px solid #eee;\"><strong style=\"display: block; margin-bottom: 8px; color: #444;\">Rendiconto 2022<\/strong> <a style=\"color: #0056b3; text-decoration: none; display: flex; align-items: center; font-weight: 500;\" href=\"https:\/\/www.ilgrandecuoredimoreno-onlus.it\/wp-content\/uploads\/2023\/06\/Rendiconto5x1000_2022ConRelazione.pdf\" target=\"_blank\" rel=\"noopener\"> <img decoding=\"async\" style=\"width: 20px; margin-right: 8px;\" src=\"https:\/\/upload.wikimedia.org\/wikipedia\/commons\/thumb\/8\/87\/PDF_file_icon.svg\/250px-PDF_file_icon.svg.png\" alt=\"PDF\" \/> Scarica Documento <\/a><\/td>\n<td style=\"padding: 15px; border-bottom: 1px solid #eee;\"><strong style=\"display: block; margin-bottom: 8px; color: #444;\">Rendiconto 2021<\/strong> <a style=\"color: #0056b3; text-decoration: none; display: flex; align-items: center; font-weight: 500;\" href=\"https:\/\/www.ilgrandecuoredimoreno-onlus.it\/wp-content\/uploads\/2022\/08\/5x1000Definitivo2021.pdf\" target=\"_blank\" rel=\"noopener\"> <img decoding=\"async\" style=\"width: 20px; margin-right: 8px;\" src=\"https:\/\/upload.wikimedia.org\/wikipedia\/commons\/thumb\/8\/87\/PDF_file_icon.svg\/250px-PDF_file_icon.svg.png\" alt=\"PDF\" \/> Scarica Documento <\/a><\/td>\n<\/tr>\n<tr><!-- RIGA 3 --><\/p>\n<td style=\"padding: 15px; border-bottom: 1px solid #eee; border-right: 1px solid #eee;\"><strong style=\"display: block; margin-bottom: 8px; color: #444;\">Rendiconto 2020<\/strong> <a style=\"color: #0056b3; text-decoration: none; display: flex; align-items: center; font-weight: 500;\" href=\"https:\/\/www.ilgrandecuoredimoreno-onlus.it\/wp-content\/uploads\/2021\/10\/5x1000_2020_Rendiconto.pdf\" target=\"_blank\" rel=\"noopener\"> <img decoding=\"async\" style=\"width: 20px; margin-right: 8px;\" src=\"https:\/\/upload.wikimedia.org\/wikipedia\/commons\/thumb\/8\/87\/PDF_file_icon.svg\/250px-PDF_file_icon.svg.png\" alt=\"PDF\" \/> Scarica Documento <\/a><\/td>\n<td style=\"padding: 15px; border-bottom: 1px solid #eee;\"><strong style=\"display: block; margin-bottom: 8px; color: #444;\">Rendiconto 2019<\/strong> <a style=\"color: #0056b3; text-decoration: none; display: flex; align-items: center; font-weight: 500;\" href=\"https:\/\/www.ilgrandecuoredimoreno-onlus.it\/wp-content\/uploads\/2021\/01\/5x1000_2019.pdf\" target=\"_blank\" rel=\"noopener\"> <img decoding=\"async\" style=\"width: 20px; margin-right: 8px;\" src=\"https:\/\/upload.wikimedia.org\/wikipedia\/commons\/thumb\/8\/87\/PDF_file_icon.svg\/250px-PDF_file_icon.svg.png\" alt=\"PDF\" \/> Scarica Documento <\/a><\/td>\n<\/tr>\n<tr><!-- RIGA 4 --><\/p>\n<td style=\"padding: 15px; border-right: 1px solid #eee;\"><strong style=\"display: block; margin-bottom: 8px; color: #444;\">Rendiconto 2018<\/strong> <a style=\"color: #0056b3; text-decoration: none; display: flex; align-items: center; font-weight: 500;\" href=\"https:\/\/www.ilgrandecuoredimoreno-onlus.it\/wp-content\/uploads\/2019\/12\/5x1000_2018.pdf\" target=\"_blank\" rel=\"noopener\"> <img decoding=\"async\" style=\"width: 20px; margin-right: 8px;\" src=\"https:\/\/upload.wikimedia.org\/wikipedia\/commons\/thumb\/8\/87\/PDF_file_icon.svg\/250px-PDF_file_icon.svg.png\" alt=\"PDF\" \/> Scarica Documento <\/a><\/td>\n<td style=\"padding: 15px; background-color: #fafafa; vertical-align: middle; text-align: center;\"><small style=\"color: #999; font-style: italic;\">Associazione Moreno Onlus<\/small><\/td>\n<\/tr>\n<\/tbody>\n<\/table>\n<\/div>\n","protected":false},"excerpt":{"rendered":"<p>Cari amici dell\u2019Associazione, per una onlus come la nostra l\u2019obiettivo non \u00e8 produrre reddito ma perseguire finalit\u00e0 sociali. Il nostro lavoro \u00e8 difficilmente valutabile in termini solo economici ma, al fine di garantire la massima trasparenza del nostro operato, potete visionare i nostri resoconti della raccolta fondi di seguito riportati.<\/p>\n","protected":false},"author":1,"featured_media":0,"parent":0,"menu_order":0,"comment_status":"closed","ping_status":"closed","template":"","meta":{"sfsi_plus_gutenberg_text_before_share":"","sfsi_plus_gutenberg_show_text_before_share":"","sfsi_plus_gutenberg_icon_type":"","sfsi_plus_gutenberg_icon_alignemt":"","sfsi_plus_gutenburg_max_per_row":"","footnotes":""},"class_list":["post-1092","page","type-page","status-publish","hentry"],"_links":{"self":[{"href":"https:\/\/www.ilgrandecuoredimoreno-onlus.it\/index.php?rest_route=\/wp\/v2\/pages\/1092","targetHints":{"allow":["GET"]}}],"collection":[{"href":"https:\/\/www.ilgrandecuoredimoreno-onlus.it\/index.php?rest_route=\/wp\/v2\/pages"}],"about":[{"href":"https:\/\/www.ilgrandecuoredimoreno-onlus.it\/index.php?rest_route=\/wp\/v2\/types\/page"}],"author":[{"embeddable":true,"href":"https:\/\/www.ilgrandecuoredimoreno-onlus.it\/index.php?rest_route=\/wp\/v2\/users\/1"}],"replies":[{"embeddable":true,"href":"https:\/\/www.ilgrandecuoredimoreno-onlus.it\/index.php?rest_route=%2Fwp%2Fv2%2Fcomments&post=1092"}],"version-history":[{"count":22,"href":"https:\/\/www.ilgrandecuoredimoreno-onlus.it\/index.php?rest_route=\/wp\/v2\/pages\/1092\/revisions"}],"predecessor-version":[{"id":1945,"href":"https:\/\/www.ilgrandecuoredimoreno-onlus.it\/index.php?rest_route=\/wp\/v2\/pages\/1092\/revisions\/1945"}],"wp:attachment":[{"href":"https:\/\/www.ilgrandecuoredimoreno-onlus.it\/index.php?rest_route=%2Fwp%2Fv2%2Fmedia&parent=1092"}],"curies":[{"name":"wp","href":"https:\/\/api.w.org\/{rel}","templated":true}]}}