{"id":533,"date":"2017-10-24T17:24:32","date_gmt":"2017-10-24T16:24:32","guid":{"rendered":"http:\/\/www.ilgrandecuoredimoreno-onlus.it\/?page_id=533"},"modified":"2017-10-25T18:54:54","modified_gmt":"2017-10-25T17:54:54","slug":"alessia-e-matteo","status":"publish","type":"page","link":"https:\/\/www.ilgrandecuoredimoreno-onlus.it\/?page_id=533","title":{"rendered":"Alessia e Matteo"},"content":{"rendered":"<p><img loading=\"lazy\" decoding=\"async\" class=\"wp-image-535 alignright\" src=\"https:\/\/www.ilgrandecuoredimoreno-onlus.it\/wp-content\/uploads\/2017\/10\/2014-05-17-12.05.47-e1508850012145-225x300.jpg\" alt=\"\" width=\"136\" height=\"181\" srcset=\"https:\/\/www.ilgrandecuoredimoreno-onlus.it\/wp-content\/uploads\/2017\/10\/2014-05-17-12.05.47-e1508850012145-225x300.jpg 225w, https:\/\/www.ilgrandecuoredimoreno-onlus.it\/wp-content\/uploads\/2017\/10\/2014-05-17-12.05.47-e1508850012145-768x1024.jpg 768w, https:\/\/www.ilgrandecuoredimoreno-onlus.it\/wp-content\/uploads\/2017\/10\/2014-05-17-12.05.47-e1508850012145-38x50.jpg 38w, https:\/\/www.ilgrandecuoredimoreno-onlus.it\/wp-content\/uploads\/2017\/10\/2014-05-17-12.05.47-e1508850012145.jpg 1920w\" sizes=\"auto, (max-width: 136px) 100vw, 136px\" \/><img loading=\"lazy\" decoding=\"async\" class=\"wp-image-537 alignright\" src=\"https:\/\/www.ilgrandecuoredimoreno-onlus.it\/wp-content\/uploads\/2017\/10\/IMG_20161101_155731-169x300.jpg\" alt=\"\" width=\"103\" height=\"182\" srcset=\"https:\/\/www.ilgrandecuoredimoreno-onlus.it\/wp-content\/uploads\/2017\/10\/IMG_20161101_155731-169x300.jpg 169w, https:\/\/www.ilgrandecuoredimoreno-onlus.it\/wp-content\/uploads\/2017\/10\/IMG_20161101_155731-768x1367.jpg 768w, https:\/\/www.ilgrandecuoredimoreno-onlus.it\/wp-content\/uploads\/2017\/10\/IMG_20161101_155731-575x1024.jpg 575w, https:\/\/www.ilgrandecuoredimoreno-onlus.it\/wp-content\/uploads\/2017\/10\/IMG_20161101_155731-28x50.jpg 28w, https:\/\/www.ilgrandecuoredimoreno-onlus.it\/wp-content\/uploads\/2017\/10\/IMG_20161101_155731.jpg 1456w\" sizes=\"auto, (max-width: 103px) 100vw, 103px\" \/> <img loading=\"lazy\" decoding=\"async\" class=\"wp-image-538 alignright\" src=\"https:\/\/www.ilgrandecuoredimoreno-onlus.it\/wp-content\/uploads\/2017\/10\/IMG-20140521-WA0001-225x300.jpg\" alt=\"\" width=\"136\" height=\"181\" srcset=\"https:\/\/www.ilgrandecuoredimoreno-onlus.it\/wp-content\/uploads\/2017\/10\/IMG-20140521-WA0001-225x300.jpg 225w, https:\/\/www.ilgrandecuoredimoreno-onlus.it\/wp-content\/uploads\/2017\/10\/IMG-20140521-WA0001-38x50.jpg 38w, https:\/\/www.ilgrandecuoredimoreno-onlus.it\/wp-content\/uploads\/2017\/10\/IMG-20140521-WA0001.jpg 600w\" sizes=\"auto, (max-width: 136px) 100vw, 136px\" \/>Ciao a tutti, siamo Alessia e Matteo genitori di Samuele.<\/p>\n<p>Samuele \u00e8 nato il 14 gennaio 2010 con una malformazione cardiaca complessa e ci ha lasciato nel gennaio 2017 a causa di complicazioni ai reni.<\/p>\n<p>La sua cardiopatia \u00e8 stata diagnosticata al quinto mese di gravidanza e noi siamo stati catapultati in un mondo che non pensavamo esistesse.<\/p>\n<p>Samuele , fin da subito, ha dimostrato la sua voglia di vivere a tutti i costi , andando contro ad ogni prognostico medico e lo ha dimostrato nei suoi 5 interventi.<\/p>\n<p>Abbiamo sempre cercato di fargli vivere una vita da bambino, la pi\u00f9 normale possibile , mandandolo alla scuola materna e successivamente alla scuola primaria. Gli piaceva viaggiare e ultimamente lo facevamo in camper, acquistato per spostarci in piena libert\u00e0 e per poter gestire al meglio la sua terapia farmacologica. Inoltre ci siamo sempre ripromessi di dargli qualsiasi possibilit\u00e0, e quando il cuore di Samuele incominci\u00f2 ad essere sempre pi\u00f9 indebolito, con la speranza nel cuore, siamo andati a Bergamo per capire se c&#8217;era la possibilit\u00e0 di inserirlo in lista per il trapianto. A Bergamo dopo vari esami di routine, viene sottoposto ad un intervento al cuore con un metodo innovativo. L&#8217;intervento riesce, ma subito dopo ci furono delle complicazioni al fegato e all&#8217;intestino. Ritornati a Verona il quadro clinico non miglior\u00f2, e quindi, dopo tante notti in bianco a mettere sulla bilancia, tutti i pro e i contro se proseguire o no la strada del trapianto, decidemmo che per Samuele la situazione migliore era quella di proseguire con una terapia di supporto restando a casa accanto alla sua famiglia e i suoi amici, riducendo all&#8217;indispensabile i ricoveri.<\/p>\n<p>Il dolore per la perdita del proprio figlio \u00e8 difficile da spiegare, ognuno la vive in modo diverso. Noi con il sostegno di tutte le persone che ci sono state accanto, abbiamo trasformato il nostro dolore in atti d&#8217;amore verso gli altri.<\/p>\n<p>&#8220;Da un&#8217;esperienza difficile \u00e8 nato un segno d&#8217;Amore affinch\u00e9 ad altri, che siamo noi, non succedano cose brutte&#8221;.<\/p>\n<p>Grazie all&#8217;Associazione &#8220;Il Grande Cuore di Moreno&#8221; siamo riusciti a realizzare molti progetti a noi cari : Donazione defibrillatore alla Scuola Materna e alla Scuola Primaria di Raldon.<\/p>\n<p><em><strong>Alessia e Matteo<\/strong><\/em><\/p>\n<p>&nbsp;<\/p>\n","protected":false},"excerpt":{"rendered":"<p>Ciao a tutti, siamo Alessia e Matteo genitori di Samuele. Samuele \u00e8 nato il 14 gennaio 2010 con una malformazione cardiaca complessa e ci ha lasciato nel gennaio 2017 a causa di complicazioni ai reni. La sua cardiopatia \u00e8 stata diagnosticata al quinto mese di gravidanza e noi siamo stati<\/p>\n","protected":false},"author":1,"featured_media":0,"parent":58,"menu_order":0,"comment_status":"closed","ping_status":"closed","template":"","meta":{"sfsi_plus_gutenberg_text_before_share":"","sfsi_plus_gutenberg_show_text_before_share":"","sfsi_plus_gutenberg_icon_type":"","sfsi_plus_gutenberg_icon_alignemt":"","sfsi_plus_gutenburg_max_per_row":"","footnotes":""},"class_list":["post-533","page","type-page","status-publish","hentry"],"_links":{"self":[{"href":"https:\/\/www.ilgrandecuoredimoreno-onlus.it\/index.php?rest_route=\/wp\/v2\/pages\/533","targetHints":{"allow":["GET"]}}],"collection":[{"href":"https:\/\/www.ilgrandecuoredimoreno-onlus.it\/index.php?rest_route=\/wp\/v2\/pages"}],"about":[{"href":"https:\/\/www.ilgrandecuoredimoreno-onlus.it\/index.php?rest_route=\/wp\/v2\/types\/page"}],"author":[{"embeddable":true,"href":"https:\/\/www.ilgrandecuoredimoreno-onlus.it\/index.php?rest_route=\/wp\/v2\/users\/1"}],"replies":[{"embeddable":true,"href":"https:\/\/www.ilgrandecuoredimoreno-onlus.it\/index.php?rest_route=%2Fwp%2Fv2%2Fcomments&post=533"}],"version-history":[{"count":9,"href":"https:\/\/www.ilgrandecuoredimoreno-onlus.it\/index.php?rest_route=\/wp\/v2\/pages\/533\/revisions"}],"predecessor-version":[{"id":1929,"href":"https:\/\/www.ilgrandecuoredimoreno-onlus.it\/index.php?rest_route=\/wp\/v2\/pages\/533\/revisions\/1929"}],"up":[{"embeddable":true,"href":"https:\/\/www.ilgrandecuoredimoreno-onlus.it\/index.php?rest_route=\/wp\/v2\/pages\/58"}],"wp:attachment":[{"href":"https:\/\/www.ilgrandecuoredimoreno-onlus.it\/index.php?rest_route=%2Fwp%2Fv2%2Fmedia&parent=533"}],"curies":[{"name":"wp","href":"https:\/\/api.w.org\/{rel}","templated":true}]}}